{"id":18,"date":"2020-02-27T20:46:44","date_gmt":"2020-02-27T19:46:44","guid":{"rendered":"https:\/\/www.guided-project.eu\/?page_id=18"},"modified":"2022-12-28T16:28:50","modified_gmt":"2022-12-28T15:28:50","slug":"deliverables","status":"publish","type":"page","link":"https:\/\/guided-project.eu\/de\/deliverables\/","title":{"rendered":"Ergebnisse"},"content":{"rendered":"<p><\/p>\r\n<p>Das GUIDed-Projekt wird 18 Ergebnisse liefern. Davon sind 11 eingeschr\u00e4nkt, w\u00e4hrend 7 \u00f6ffentlich sind. Die \u00f6ffentlichen Ergebnisse werden hier ver\u00f6ffentlicht, sobald sie fertiggestellt sind:<\/p>\r\n<p><\/p>\r\n<p><\/p>\r\n<p><a href=\"https:\/\/www.guided-project.eu\/wp-content\/uploads\/2020\/03\/GUIDed-D1.1_Project_Management_Handbook_FINAL.pdf\" target=\"_blank\" rel=\"noreferrer noopener\" aria-label=\" (opens in a new tab)\">D1.1 Projektmanagement-Handbuch<\/a><br \/><a href=\"https:\/\/www.guided-project.eu\/wp-content\/uploads\/2020\/03\/GUIDed-D1.2_Quality_Assurance_Plan_FINAL.pdf\" target=\"_blank\" rel=\"noreferrer noopener\" aria-label=\"D1.2 Quality assurance plan (opens in a new tab)\">D1.2 Qualit\u00e4tssicherungsplan<\/a><br \/>D2.2 Bericht \u00fcber die experimentellen Evaluierungs- und Feedbackaktivit\u00e4ten der Plattform (Testphase 1)<br \/><a href=\"https:\/\/www.guided-project.eu\/wp-content\/uploads\/2020\/07\/GUIDed-D3.1_Report-on-platform-specification-and-architecture_OfflineVersion.pdf\" target=\"_blank\" rel=\"noreferrer noopener\">D3.1 Bericht \u00fcber die Spezifikation und Architektur der Webplattform<\/a><br \/>D4.1 Abschlussbericht \u00fcber die Implementierung der Demonstratoren<br \/>D5.1a Zwischenverbreitungs- und Nutzungsplan und Umsetzung<br \/>D5.1b Endg\u00fcltiger Verbreitungs- und Nutzungsplan und Umsetzung<\/p>\r\n<p><\/p>","protected":false},"excerpt":{"rendered":"<p>Das GUIDed-Projekt wird 18 Ergebnisse liefern. Davon sind 11 eingeschr\u00e4nkt, w\u00e4hrend 7 \u00f6ffentlich sind. Die \u00f6ffentlichen Ergebnisse werden hier ver\u00f6ffentlicht, sobald sie fertiggestellt sind: D1.1 Projektmanagement-HandbuchD1.2 Qualit\u00e4tssicherungsplanD2.2 Bericht \u00fcber die experimentellen Evaluierungs- und Feedbackaktivit\u00e4ten der Plattform (Testphase 1)D3.1 Bericht \u00fcber die Spezifikation und Architektur der WebplattformD4.1 Abschlussbericht \u00fcber die Implementierung der DemonstratorenD5.1a Zwischenverbreitungs- und Nutzungsplan &hellip; <a href=\"https:\/\/guided-project.eu\/de\/deliverables\/\" class=\"more-link\">Continue reading<span class=\"screen-reader-text\"> &#8220;Ergebnisse&#8221;<\/span><\/a><\/p>\n","protected":false},"author":2,"featured_media":0,"parent":0,"menu_order":0,"comment_status":"closed","ping_status":"closed","template":"","meta":{"footnotes":""},"class_list":["post-18","page","type-page","status-publish","hentry"],"translation":{"provider":"WPGlobus","version":"3.0.2","language":"de","enabled_languages":["gb","de","no","pl","el"],"languages":{"gb":{"title":true,"content":true,"excerpt":false},"de":{"title":true,"content":true,"excerpt":false},"no":{"title":false,"content":false,"excerpt":false},"pl":{"title":false,"content":false,"excerpt":false},"el":{"title":false,"content":false,"excerpt":false}}},"_links":{"self":[{"href":"https:\/\/guided-project.eu\/de\/wp-json\/wp\/v2\/pages\/18","targetHints":{"allow":["GET"]}}],"collection":[{"href":"https:\/\/guided-project.eu\/de\/wp-json\/wp\/v2\/pages"}],"about":[{"href":"https:\/\/guided-project.eu\/de\/wp-json\/wp\/v2\/types\/page"}],"author":[{"embeddable":true,"href":"https:\/\/guided-project.eu\/de\/wp-json\/wp\/v2\/users\/2"}],"replies":[{"embeddable":true,"href":"https:\/\/guided-project.eu\/de\/wp-json\/wp\/v2\/comments?post=18"}],"version-history":[{"count":0,"href":"https:\/\/guided-project.eu\/de\/wp-json\/wp\/v2\/pages\/18\/revisions"}],"wp:attachment":[{"href":"https:\/\/guided-project.eu\/de\/wp-json\/wp\/v2\/media?parent=18"}],"curies":[{"name":"wp","href":"https:\/\/api.w.org\/{rel}","templated":true}]}}