{"id":31,"date":"2020-02-27T21:01:09","date_gmt":"2020-02-27T20:01:09","guid":{"rendered":"https:\/\/www.guided-project.eu\/?page_id=31"},"modified":"2021-02-05T01:39:35","modified_gmt":"2021-02-05T00:39:35","slug":"cyprus","status":"publish","type":"page","link":"https:\/\/guided-project.eu\/de\/cyprus\/","title":{"rendered":"Zypern"},"content":{"rendered":"<p><\/p>\r\n<h2>Agecare (Cyprus) Ltd &#8211; Materia Group<\/h2>\r\n<p><\/p>\r\n<p><\/p>\r\n<p>Die Materia Group ist eine private Endnutzerorganisation, die \u00e4lteren Erwachsenen in Zypern eine breite Palette von Pflege-, Pflege- und Rehabilitationsdiensten anbietet. Die Management- und Betriebsteams basieren auf einem ganzheitlichen, multidisziplin\u00e4ren Ansatz, der darauf abzielt, \u00e4lteren Erwachsenen und ihren Familien den bestm\u00f6glichen Service zu bieten. Die Mission der Gruppe ist es, einen integrierten Rahmen f\u00fcr qualitativ hochwertige Pflegedienste anzubieten, indem die bestehenden Dienste kontinuierlich verbessert und neue hinzugef\u00fcgt werden.<\/p>\r\n<p><\/p>\r\n<p><\/p>\r\n<p>Die Gruppe verf\u00fcgt \u00fcber eine wachsende Forschungsabteilung, die sich auf EU-finanzierte Projekte im Zusammenhang mit Hilfs- und IKT-Technologien spezialisiert hat, um die Lebensbedingungen und das Wohlbefinden \u00e4lterer Erwachsener zu verbessern. Bis heute war es an mehreren EU-Projekten in folgenden Bereichen beteiligt:<\/p>\r\n<p><\/p>\r\n<p><\/p>\r\n<ul class=\"wp-block-list\">\r\n<li>Projektkoordination, Benutzeranforderungen und Co-Design-Methoden<\/li>\r\n<li>Ethische und rechtliche Fragen<\/li>\r\n<li>Protokoll, Planung und Durchf\u00fchrung der Test- \/ Pilotphase<\/li>\r\n<li>Erstellung und Umsetzung des Bewertungsrahmens<\/li>\r\n<li>Verbreitung und Vernetzung<\/li>\r\n<\/ul>\r\n<p><\/p>\r\n<p><\/p>\r\n<p>In GUIDed ist Materia (zusammen mit dem technischen Koordinator) f\u00fcr die Koordination des Projekts verantwortlich und gleichzeitig eine Endbenutzerorganisation, die f\u00fcr das Testen der Technologien in der Pilot- \/ Testphase verantwortlich ist.<\/p>\r\n<p><\/p>\r\n<p><\/p>\r\n<p>Weitere Informationen \u00fcber Materia Group finden Sie unter <a href=\"http:\/\/www.materia.com.cy\/index.php\/en\/\" target=\"_blank\" rel=\"noreferrer noopener\" aria-label=\"materia.com.cy (opens in a new tab)\">materia.com.cy<\/a>.<\/p>\r\n<p><\/p>\r\n<p><\/p>\r\n<h3>Ansprechpartner<\/h3>\r\n<p><\/p>\r\n<p><\/p>\r\n<p>Name: Marina Polycarpou<br \/>E-mail: agecare@cytanet.com.cy<br \/>Phone: +357-22573577<\/p>\r\n<p><\/p>\r\n<p><\/p>\r\n<h2>Universit\u00e4t Zypern<\/h2>\r\n<p><\/p>\r\n<p><\/p>\r\n<p>Die Universit\u00e4t Zypern (UCY) beteiligt sich an GUIDed \u00fcber das Labor f\u00fcr Softwaretechnik und Internettechnologien (SEIT), ein integraler Bestandteil des Instituts f\u00fcr Informatik der Universit\u00e4t. SEIT konzentriert seine Forschungsaktivit\u00e4ten auf zwei Bereiche der Informationstechnologie: Software Engineering und Internet-Technologien. SEIT hat mehr als 30 EU-Projekte koordiniert und aktiv daran teilgenommen.<\/p>\r\n<p><\/p>\r\n<p><\/p>\r\n<p>In Bezug auf den GUIDed-Projektbereich hat SEIT an verschiedenen EU-Projekten wie MUSIC (RP6), AsTeRICS (FP7) und Prosperity4All (FP7) teilgenommen, die die Forschung und Entwicklung modularer Middleware-Plattformen f\u00fcr die Entwicklung personalisierter, selbstanpassender Anwendungen umfassten und AT-Anwendungen (Assistive Technology) f\u00fcr Menschen mit Behinderungen. Au\u00dferdem war SEIT an dem Projekt Connected Vitality Network (CVN) beteiligt, das eine Plattform f\u00fcr soziale Telepr\u00e4senz entwickelte, die es unbeweglichen Senioren erm\u00f6glicht, ihr soziales Netzwerk zu organisieren und die Aktivit\u00e4t und das Ausma\u00df der sozialen Interaktion entsprechend ihren individuellen Bed\u00fcrfnissen, F\u00e4higkeiten und ihrem gew\u00e4hlten Lebensstil auszuw\u00e4hlen . CVN ist eine der <a href=\"http:\/\/www.aal-europe.eu\/success-stories\/\" target=\"_blank\" rel=\"noreferrer noopener\" aria-label=\"Success Stories (opens in a new tab)\">Erfolgsgeschichten<\/a>\u00a0von AAL-Projekten. UCY spielt eine technische Rolle in GUIDed und ist haupts\u00e4chlich f\u00fcr die Entwicklung intelligenter Plattformen und die Plattformintegration verantwortlich.<\/p>\r\n<p><\/p>\r\n<p><\/p>\r\n<p>Weitere Informationen zur Universit\u00e4t von Zypern finden Sie unter <a href=\"https:\/\/www.cs.ucy.ac.cy\/\" target=\"_blank\" rel=\"noreferrer noopener\" aria-label=\" (opens in a new tab)\">www.cs.ucy.ac.cy<\/a>.<\/p>\r\n<p><\/p>\r\n<p><\/p>\r\n<h3>Ansprechpartner<\/h3>\r\n<p><\/p>\r\n<p><\/p>\r\n<p>Name: Professor George A. Papadpoulos (Hauptkontakt)<br \/>E-mail: george@cs.ucy.ac.cy<br \/>Phone: +357-22892693<\/p>\r\n<p><\/p>\r\n<p><\/p>\r\n<p>Name: Dr. Christos Mettouris (Sekund\u00e4rkontakt)<br \/>E-mail: mettour@cs.ucy.ac.cy<br \/>Phone: +357-22892684<\/p>\r\n<p><\/p>\r\n<p><\/p>\r\n<p>Name: Dr. Alexandros Yeratziotis (Sekund\u00e4rkontakt)<br \/>E-mail: yeratziotis.alexandros@cs.ucy.ac.cy<br \/>Phone: +357-22892684<\/p>\r\n<p><\/p>\r\n<p><\/p>\r\n<h2>Frederick Research Center<\/h2>\r\n<p><\/p>\r\n<p><\/p>\r\n<p>Das Frederick Research Center (FRC) ist eine f\u00fchrende gemeinn\u00fctzige Forschungsorganisation in Zypern. Es wurde 1997 gegr\u00fcndet, um eine solide Grundlage f\u00fcr die Entwicklung wissenschaftlicher Forschungsaktivit\u00e4ten zyprischer und ausl\u00e4ndischer Wissenschaftler zu schaffen. FRC besch\u00e4ftigt qualifiziertes Personal mit Erfahrung in der Umsetzung hochkar\u00e4tiger Forschung und mit umfangreichen Ver\u00f6ffentlichungen in von Experten begutachteten wissenschaftlichen Fachzeitschriften. Mehrere F &amp; E-Projekte (&gt; 80 finanzierte nationale und EU-Projekte) wurden \u00fcber FRC durchgef\u00fchrt, und ein Teil ihrer Ergebnisse wurde auf internationalen wissenschaftlichen Konferenzen vorgestellt, die zu ihrer Verbreitung und ihrem Technologietransfer beitragen.<\/p>\r\n<p><\/p>\r\n<p><\/p>\r\n<p>Am GUIDed-Projekt beteiligt sich FRC \u00fcber das Mobile Devices Laboratory (MDL): MDL betreibt Forschung und Entwicklung in webbasierten und mobilen Computer- und Datenmanagementsystemen unter Verwendung der Cloud als Basistechnologie sowie der erweiterten und virtuellen Realit\u00e4t und k\u00fcnstlichen Intelligenz (AR \/ VR). Im Projekt ist das MDL-Labor f\u00fcr die Forschungs- und Entwicklungsaktivit\u00e4ten im Zusammenhang mit den erweiterten und Virtual-Reality-Funktionen der GUIDed-Dienste verantwortlich. Relevante AR \/ VR-Projekte umfassen die national finanzierten Projekte ENTER-CY und ARShooter Wars sowie die Entwicklung der Android-Anwendung 360\u2070 Video Mobile Viewer.<\/p>\r\n<p><\/p>\r\n<p><\/p>\r\n<p>Weitere Informationen zum Frederick Research Center finden Sie unter <a href=\"http:\/\/www.frederick.ac.cy\/research-at-frederick\/the-frederick-research-center\" target=\"_blank\" rel=\"noreferrer noopener\" aria-label=\"frederick.ac.cy (opens in a new tab)\">frederick.ac.cy<\/a>.<\/p>\r\n<p><\/p>\r\n<p><\/p>\r\n<h3>Ansprechpartner<\/h3>\r\n<p><\/p>\r\n<p><\/p>\r\n<p>Name: Achilleas Achilleos<br \/>E-mail: com.aa@frederick.ac.cy<br \/>Phone: +357-22394394 (Ext. 46143)<\/p>\r\n<p><\/p>","protected":false},"excerpt":{"rendered":"<p>Agecare (Cyprus) Ltd &#8211; Materia Group Die Materia Group ist eine private Endnutzerorganisation, die \u00e4lteren Erwachsenen in Zypern eine breite Palette von Pflege-, Pflege- und Rehabilitationsdiensten anbietet. Die Management- und Betriebsteams basieren auf einem ganzheitlichen, multidisziplin\u00e4ren Ansatz, der darauf abzielt, \u00e4lteren Erwachsenen und ihren Familien den bestm\u00f6glichen Service zu bieten. Die Mission der Gruppe ist &hellip; <a href=\"https:\/\/guided-project.eu\/de\/cyprus\/\" class=\"more-link\">Continue reading<span class=\"screen-reader-text\"> &#8220;Zypern&#8221;<\/span><\/a><\/p>\n","protected":false},"author":2,"featured_media":0,"parent":0,"menu_order":0,"comment_status":"closed","ping_status":"closed","template":"","meta":{"footnotes":""},"class_list":["post-31","page","type-page","status-publish","hentry"],"translation":{"provider":"WPGlobus","version":"3.0.2","language":"de","enabled_languages":["gb","de","no","pl","el"],"languages":{"gb":{"title":true,"content":true,"excerpt":false},"de":{"title":true,"content":true,"excerpt":false},"no":{"title":false,"content":false,"excerpt":false},"pl":{"title":false,"content":false,"excerpt":false},"el":{"title":false,"content":false,"excerpt":false}}},"_links":{"self":[{"href":"https:\/\/guided-project.eu\/de\/wp-json\/wp\/v2\/pages\/31","targetHints":{"allow":["GET"]}}],"collection":[{"href":"https:\/\/guided-project.eu\/de\/wp-json\/wp\/v2\/pages"}],"about":[{"href":"https:\/\/guided-project.eu\/de\/wp-json\/wp\/v2\/types\/page"}],"author":[{"embeddable":true,"href":"https:\/\/guided-project.eu\/de\/wp-json\/wp\/v2\/users\/2"}],"replies":[{"embeddable":true,"href":"https:\/\/guided-project.eu\/de\/wp-json\/wp\/v2\/comments?post=31"}],"version-history":[{"count":0,"href":"https:\/\/guided-project.eu\/de\/wp-json\/wp\/v2\/pages\/31\/revisions"}],"wp:attachment":[{"href":"https:\/\/guided-project.eu\/de\/wp-json\/wp\/v2\/media?parent=31"}],"curies":[{"name":"wp","href":"https:\/\/api.w.org\/{rel}","templated":true}]}}