{"id":38,"date":"2020-02-27T21:14:27","date_gmt":"2020-02-27T20:14:27","guid":{"rendered":"https:\/\/www.guided-project.eu\/?page_id=38"},"modified":"2021-02-05T01:34:34","modified_gmt":"2021-02-05T00:34:34","slug":"austria","status":"publish","type":"page","link":"https:\/\/guided-project.eu\/de\/austria\/","title":{"rendered":"\u00d6sterreich"},"content":{"rendered":"\r\n<h2>KI-I; Kompetenznetzwerk Informationstechnologie zur F\u00f6rderung der Integration von Menschen mit Behinderungen<\/h2>\r\n\r\n\r\n\r\n<p>Ziel des KI-I ist die Verbesserung der Lebenssituation von Menschen mit Beeintr\u00e4chtigungen und \u00e4lteren Menschen. Das KI-I versteht sich als eine Drehscheibe und Innovationsb\u00f6rse in diesem Bereich. Das KI-I stellt eine Br\u00fccke zwischen Grundlagenforschung, Anwendung und Lehre her. Es bietet Institutionen und Firmen Unterst\u00fctzung bei der Durchf\u00fchrung von Projekten zur F\u00f6rderung der sozialen und beruflichen Integration von Menschen mit Beeintr\u00e4chtigungen.<\/p>\r\n\r\n\r\n\r\n<p>Das KI-I ist heute und war in der Vergangenheit in eine gro\u00dfe Anzahl regionaler, nationaler und internationaler Forschungsprojekte involviert, von denen es manche koordinierte. Dadurch konnte das KI-I Erfahrungen und Wissen in verschiedensten Forschungsgebieten anh\u00e4ufen. Ma\u00dfgeblich f\u00fcr das GUIDed Projekt sind dabei in erster Linie die gro\u00dfe Erfahrung im Software Engineering und bei barrierefreien User Interfaces, sowie umfangreiche Kenntnisse des <a href=\"https:\/\/www.asterics.eu\" target=\"_blank\" rel=\"noreferrer noopener\" aria-label=\" (opens in a new tab)\">AsTeRICS<\/a> Systems (Ergebnis eines FP7 Forschungsprojekts unter der Koordination von KI-I). Au\u00dferdem hat das KI-I durch seine Netzwerkstruktur Zugang zu einem breiten Feld an Wissen und Erfahrungen.<\/p>\r\n\r\n\r\n\r\n<p>Das KI-I ist eine unabh\u00e4ngige Institution und wurde 2003 gegr\u00fcndet. Viele KI-I Mitarbeiter haben langj\u00e4hrige Erfahrungen hinsichtlich Technologie f\u00fcr Menschen mit Behinderungen und \u00e4ltere Menschen. Au\u00dferdem arbeiten am KI-I auch Forscher, die selbst eine Beeintr\u00e4chtigung haben, was automatisch ein breiteres Verst\u00e4ndnis f\u00fcr die Bed\u00fcrfnisse potentieller Nutzer mit sich bringt.<\/p>\r\n<p>\u00a0 Weitere Informationen zu KI-I finden Sie unter <a href=\"https:\/\/www.ki-i.at\/\" target=\"_blank\" rel=\"noreferrer noopener\" aria-label=\"ki-i.at (opens in a new tab)\">ki-i.at<\/a>.<\/p>\r\n\r\n\r\n\r\n<h3>Kontaktperson<\/h3>\r\n\r\n\r\n\r\n<p>Name: Stefan Parker<br \/>E-Mail: stefan.parker@ki-i.at<br \/>Telefon: +43\/732\/2468\/3773<\/p>\r\n\r\n\r\n\r\n<h2 class=\"wp-block-heading\">Platus Learning Systems GmbH<\/h2>\r\n\r\n\r\n\r\n<p>Platus Learning Systems GmbH unterst\u00fctzt und hilft Menschen mit Handicap zu mehr Selbstbestimmtheit. Der Fokus unserer T\u00e4tigkeit liegt auf der Beratung. Das beste Hilfsmittel hilft nicht, wenn es nicht optimal passt.<\/p>\r\n\r\n\r\n\r\n<p>Platus Learning Systems GmbH hat aktuell folgende Produktsegmente:<\/p>\r\n\r\n\r\n\r\n<ul class=\"wp-block-list\">\r\n<li>Kommunikationshilfen<\/li>\r\n<li>Augensteuerungen<\/li>\r\n<li>Umfeldsteuerungen<\/li>\r\n<li>Rollstuhlsondersteuerungen<\/li>\r\n<\/ul>\r\n\r\n\r\n\r\n<p>Im Projekt GUIDed ist Platus f\u00fcr die Vermarktung des Produktes zust\u00e4ndig.<\/p>\r\n\r\n\r\n\r\n<p>Weitere Informationen unter <a href=\"http:\/\/www.platus.at\">www.platus.at<\/a><\/p>\r\n\r\n\r\n\r\n<h3>Kontaktperson<\/h3>\r\n\r\n\r\n\r\n<p>Daniel Sturmair<br \/>E-Mail: daniel.sturmair@platus.at<br \/>Telefon: +43\/7673\/41824<\/p>\r\n\r\n\r\n\r\n<p>&nbsp;<\/p>\r\n","protected":false},"excerpt":{"rendered":"<p>KI-I; Kompetenznetzwerk Informationstechnologie zur F\u00f6rderung der Integration von Menschen mit Behinderungen Ziel des KI-I ist die Verbesserung der Lebenssituation von Menschen mit Beeintr\u00e4chtigungen und \u00e4lteren Menschen. Das KI-I versteht sich als eine Drehscheibe und Innovationsb\u00f6rse in diesem Bereich. Das KI-I stellt eine Br\u00fccke zwischen Grundlagenforschung, Anwendung und Lehre her. Es bietet Institutionen und Firmen Unterst\u00fctzung &hellip; <a href=\"https:\/\/guided-project.eu\/de\/austria\/\" class=\"more-link\">Continue reading<span class=\"screen-reader-text\"> &#8220;\u00d6sterreich&#8221;<\/span><\/a><\/p>\n","protected":false},"author":2,"featured_media":0,"parent":0,"menu_order":0,"comment_status":"closed","ping_status":"closed","template":"","meta":{"footnotes":""},"class_list":["post-38","page","type-page","status-publish","hentry"],"translation":{"provider":"WPGlobus","version":"3.0.2","language":"de","enabled_languages":["gb","de","no","pl","el"],"languages":{"gb":{"title":true,"content":true,"excerpt":false},"de":{"title":true,"content":true,"excerpt":false},"no":{"title":false,"content":false,"excerpt":false},"pl":{"title":false,"content":false,"excerpt":false},"el":{"title":false,"content":false,"excerpt":false}}},"_links":{"self":[{"href":"https:\/\/guided-project.eu\/de\/wp-json\/wp\/v2\/pages\/38","targetHints":{"allow":["GET"]}}],"collection":[{"href":"https:\/\/guided-project.eu\/de\/wp-json\/wp\/v2\/pages"}],"about":[{"href":"https:\/\/guided-project.eu\/de\/wp-json\/wp\/v2\/types\/page"}],"author":[{"embeddable":true,"href":"https:\/\/guided-project.eu\/de\/wp-json\/wp\/v2\/users\/2"}],"replies":[{"embeddable":true,"href":"https:\/\/guided-project.eu\/de\/wp-json\/wp\/v2\/comments?post=38"}],"version-history":[{"count":0,"href":"https:\/\/guided-project.eu\/de\/wp-json\/wp\/v2\/pages\/38\/revisions"}],"wp:attachment":[{"href":"https:\/\/guided-project.eu\/de\/wp-json\/wp\/v2\/media?parent=38"}],"curies":[{"name":"wp","href":"https:\/\/api.w.org\/{rel}","templated":true}]}}