{"id":67,"date":"2020-02-27T21:42:09","date_gmt":"2020-02-27T20:42:09","guid":{"rendered":"https:\/\/www.guided-project.eu\/?page_id=67"},"modified":"2022-12-28T12:24:13","modified_gmt":"2022-12-28T11:24:13","slug":"business-models","status":"publish","type":"page","link":"https:\/\/guided-project.eu\/de\/business-models\/","title":{"rendered":"Gesch\u00e4fts- und Servicemodelle"},"content":{"rendered":"Im GUIDed-Projekt werden wir ein Lifestyle-Produkt erstellen. Die Zielgruppe \u00e4lterer Erwachsener sollte so viel Hilfe wie m\u00f6glich durch Technologie bekommen und diese so einfach wie m\u00f6glich halten. Das Ziel, die Endbenutzer durch minimale Benutzerinteraktion bei Aktivit\u00e4ten des t\u00e4glichen Lebens zu unterst\u00fctzen. Wir haben die Services im Abschnitt <a href=\"https:\/\/www.guided-project.eu\/services\/\">Servicemodelle<\/a> beschrieben.\r\n\r\nDerzeit suchen wir nach fr\u00fchen Benutzern, die daran interessiert sind, Informationen aus dem Projekt zu erhalten, und die die M\u00f6glichkeit haben, Mitte n\u00e4chsten Jahres (2021) fr\u00fche GUIDed Tester zu werden. Am Ende dieser Seite finden Sie ein Kontaktformular. Bitte f\u00fcllen Sie es aus und wir werden uns um Ihr Interesse k\u00fcmmern.\r\n\r\nUnser Plan ist es, unsere GUIDed-Services als Fremium-Modell anzubieten. Dies bedeutet: Sie erhalten 2 GUIDed-Dienste kostenlos. Die GUIDed-App wird in Google Play verf\u00fcgbar sein. Nach dem Download k\u00f6nnen Sie die Dienste Smart Navigation und Smart Communication kostenlos nutzen.\r\n\r\nF\u00fcr die anderen 3 GUIDED-Dienste Smart Health, Smart Home und Smart Safety planen wir eine monatliche Geb\u00fchr f\u00fcr die Nutzung. Speziell f\u00fcr das Smart Home und die Smart Safety werden wir g\u00e4ngige Low-Price-Hardware verwenden, die bereits auf dem Verbrauchermarkt erh\u00e4ltlich ist.\r\n\r\n\n<div class=\"wpcf7 no-js\" id=\"wpcf7-f313-o1\" lang=\"en-US\" dir=\"ltr\" data-wpcf7-id=\"313\">\n<div class=\"screen-reader-response\"><p role=\"status\" aria-live=\"polite\" aria-atomic=\"true\"><\/p> <ul><\/ul><\/div>\n<form action=\"\/de\/wp-json\/wp\/v2\/pages\/67#wpcf7-f313-o1\" method=\"post\" class=\"wpcf7-form init\" aria-label=\"Contact form\" novalidate=\"novalidate\" data-status=\"init\">\n<fieldset class=\"hidden-fields-container\"><input type=\"hidden\" name=\"_wpcf7\" value=\"313\" \/><input type=\"hidden\" name=\"_wpcf7_version\" value=\"6.1.5\" \/><input type=\"hidden\" name=\"_wpcf7_locale\" value=\"en_US\" \/><input type=\"hidden\" name=\"_wpcf7_unit_tag\" value=\"wpcf7-f313-o1\" \/><input type=\"hidden\" name=\"_wpcf7_container_post\" value=\"0\" \/><input type=\"hidden\" name=\"_wpcf7_posted_data_hash\" value=\"\" \/>\n<\/fieldset>\n<p><label> Your name: (required)<br \/>\n<span class=\"wpcf7-form-control-wrap\" data-name=\"your-name\"><input size=\"40\" maxlength=\"400\" class=\"wpcf7-form-control wpcf7-text wpcf7-validates-as-required\" aria-required=\"true\" aria-invalid=\"false\" value=\"\" type=\"text\" name=\"your-name\" \/><\/span> <\/label>\n<\/p>\n<p><label> Your e-mail address: (required)<br \/>\n<span class=\"wpcf7-form-control-wrap\" data-name=\"your-email\"><input size=\"40\" maxlength=\"400\" class=\"wpcf7-form-control wpcf7-email wpcf7-validates-as-required wpcf7-text wpcf7-validates-as-email\" aria-required=\"true\" aria-invalid=\"false\" value=\"\" type=\"email\" name=\"your-email\" \/><\/span> <\/label>\n<\/p>\n<p><label> Subject (please tell us which country you live in, so that we can administer a license for you):<br \/>\n<span class=\"wpcf7-form-control-wrap\" data-name=\"your-subject\"><input size=\"40\" maxlength=\"400\" class=\"wpcf7-form-control wpcf7-text\" aria-invalid=\"false\" value=\"\" type=\"text\" name=\"your-subject\" \/><\/span> <\/label>\n<\/p>\n<p><label> Any other message to us:<br \/>\n<span class=\"wpcf7-form-control-wrap\" data-name=\"your-message\"><textarea cols=\"40\" rows=\"10\" maxlength=\"2000\" class=\"wpcf7-form-control wpcf7-textarea\" aria-invalid=\"false\" name=\"your-message\"><\/textarea><\/span> <\/label>\n<\/p>\n<p><input class=\"wpcf7-form-control wpcf7-submit has-spinner\" type=\"submit\" value=\"Send\" \/>\n<\/p><div class=\"wpcf7-response-output\" aria-hidden=\"true\"><\/div>\n<\/form>\n<\/div>\n\r\n\r\n<!-- \/wp:post-content -->","protected":false},"excerpt":{"rendered":"<p>Im GUIDed-Projekt werden wir ein Lifestyle-Produkt erstellen. Die Zielgruppe \u00e4lterer Erwachsener sollte so viel Hilfe wie m\u00f6glich durch Technologie bekommen und diese so einfach wie m\u00f6glich halten. Das Ziel, die Endbenutzer durch minimale Benutzerinteraktion bei Aktivit\u00e4ten des t\u00e4glichen Lebens zu unterst\u00fctzen. Wir haben die Services im Abschnitt Servicemodelle beschrieben. Derzeit suchen wir nach fr\u00fchen Benutzern, &hellip; <a href=\"https:\/\/guided-project.eu\/de\/business-models\/\" class=\"more-link\">Continue reading<span class=\"screen-reader-text\"> &#8220;Gesch\u00e4fts- und Servicemodelle&#8221;<\/span><\/a><\/p>\n","protected":false},"author":2,"featured_media":0,"parent":0,"menu_order":0,"comment_status":"closed","ping_status":"closed","template":"","meta":{"footnotes":""},"class_list":["post-67","page","type-page","status-publish","hentry"],"translation":{"provider":"WPGlobus","version":"3.0.2","language":"de","enabled_languages":["gb","de","no","pl","el"],"languages":{"gb":{"title":true,"content":true,"excerpt":false},"de":{"title":true,"content":true,"excerpt":false},"no":{"title":false,"content":false,"excerpt":false},"pl":{"title":false,"content":false,"excerpt":false},"el":{"title":false,"content":false,"excerpt":false}}},"_links":{"self":[{"href":"https:\/\/guided-project.eu\/de\/wp-json\/wp\/v2\/pages\/67","targetHints":{"allow":["GET"]}}],"collection":[{"href":"https:\/\/guided-project.eu\/de\/wp-json\/wp\/v2\/pages"}],"about":[{"href":"https:\/\/guided-project.eu\/de\/wp-json\/wp\/v2\/types\/page"}],"author":[{"embeddable":true,"href":"https:\/\/guided-project.eu\/de\/wp-json\/wp\/v2\/users\/2"}],"replies":[{"embeddable":true,"href":"https:\/\/guided-project.eu\/de\/wp-json\/wp\/v2\/comments?post=67"}],"version-history":[{"count":0,"href":"https:\/\/guided-project.eu\/de\/wp-json\/wp\/v2\/pages\/67\/revisions"}],"wp:attachment":[{"href":"https:\/\/guided-project.eu\/de\/wp-json\/wp\/v2\/media?parent=67"}],"curies":[{"name":"wp","href":"https:\/\/api.w.org\/{rel}","templated":true}]}}