{"id":9,"date":"2020-02-27T20:31:50","date_gmt":"2020-02-27T19:31:50","guid":{"rendered":"https:\/\/www.guided-project.eu\/?page_id=9"},"modified":"2022-12-28T12:08:51","modified_gmt":"2022-12-28T11:08:51","slug":"welcome-to-the-guided-projects-website","status":"publish","type":"page","link":"https:\/\/guided-project.eu\/de\/","title":{"rendered":"Willkommen bei GUIDed!"},"content":{"rendered":"<p>GUIDed ist ein Forschungs- und Entwicklungsprojekt zur Entwicklung von Dienstleistungen. Dadurch wird die Verwendung vorhandener Technologiel\u00f6sungen f\u00fcr \u00e4ltere Endbenutzer relevanter und einfacher zu verwenden.<br \/>Dar\u00fcber hinaus werden Trainingsl\u00f6sungen entwickelt, die Methoden der Augmented Reality (AR) und der virtuellen Realit\u00e4t verwenden.<\/p>\r\n<p><!-- \/wp:post-content --><\/p>\r\n<figure id=\"attachment_185\" aria-describedby=\"caption-attachment-185\" style=\"width: 450px\" class=\"wp-caption aligncenter\"><img loading=\"lazy\" decoding=\"async\" class=\"wp-image-185\" src=\"https:\/\/www.guided-project.eu\/wp-content\/uploads\/2020\/03\/iStock-480374908-1024x683.jpg\" alt=\"Hands holding a tablet PC\" width=\"450\" height=\"300\" srcset=\"https:\/\/guided-project.eu\/wp-content\/uploads\/2020\/03\/iStock-480374908-1024x683.jpg 1024w, https:\/\/guided-project.eu\/wp-content\/uploads\/2020\/03\/iStock-480374908-300x200.jpg 300w, https:\/\/guided-project.eu\/wp-content\/uploads\/2020\/03\/iStock-480374908-768x512.jpg 768w, https:\/\/guided-project.eu\/wp-content\/uploads\/2020\/03\/iStock-480374908-1536x1024.jpg 1536w, https:\/\/guided-project.eu\/wp-content\/uploads\/2020\/03\/iStock-480374908-2048x1365.jpg 2048w, https:\/\/guided-project.eu\/wp-content\/uploads\/2020\/03\/iStock-480374908-1200x800.jpg 1200w\" sizes=\"auto, (max-width: 450px) 85vw, 450px\" \/><figcaption id=\"caption-attachment-185\" class=\"wp-caption-text\">Smartphones und Tablets sollen wichtige Ger\u00e4te f\u00fcr \u00e4ltere erwachsene Endbenutzer sein.<\/figcaption><\/figure>\r\n<p><!-- wp:paragraph --><\/p>\r\n<p>Um dies zu erreichen, f\u00fcgen wir einen digitalen Inhalt hinzu, der den Vorteil von GUIDed Smart Home- und Living-L\u00f6sungen darstellt.<br \/>Die Schulung f\u00fcr Pflegekr\u00e4fte mithilfe von GUIDed-L\u00f6sungen erfolgt mithilfe von AR \/ VR, und auf die gleiche Weise erhalten \u00e4ltere Benutzer eine Schulung.<\/p>\r\n<p><!-- \/wp:paragraph --><\/p>\r\n<p><!-- wp:paragraph --><\/p>\r\n<p>Das GUIDed Projekt wird mitfinanziert von:<\/p>\r\n<p><!-- \/wp:paragraph --><\/p>\r\n<p><img loading=\"lazy\" decoding=\"async\" class=\"alignnone wp-image-234 size-full\" src=\"https:\/\/www.guided-project.eu\/wp-content\/uploads\/2020\/04\/All_logos_GUIDed.png\" alt=\"All GUIDed logos\" width=\"1280\" height=\"151\" srcset=\"https:\/\/guided-project.eu\/wp-content\/uploads\/2020\/04\/All_logos_GUIDed.png 1280w, https:\/\/guided-project.eu\/wp-content\/uploads\/2020\/04\/All_logos_GUIDed-300x35.png 300w, https:\/\/guided-project.eu\/wp-content\/uploads\/2020\/04\/All_logos_GUIDed-1024x121.png 1024w, https:\/\/guided-project.eu\/wp-content\/uploads\/2020\/04\/All_logos_GUIDed-768x91.png 768w, https:\/\/guided-project.eu\/wp-content\/uploads\/2020\/04\/All_logos_GUIDed-1200x142.png 1200w\" sizes=\"auto, (max-width: 709px) 85vw, (max-width: 909px) 67vw, (max-width: 1362px) 62vw, 840px\" \/><\/p>\r\n<h2>Impressum<\/h2>\r\n<p><strong>Projekt:<\/strong> aal-2019-6-190-CP: GUIDed <span class=\"VIiyi\" lang=\"de\"><span class=\"JLqJ4b ChMk0b\" data-language-for-alternatives=\"de\" data-language-to-translate-into=\"en\" data-phrase-index=\"0\">Plattform f\u00fcr betreutes Wohnen und soziale Interaktion<\/span><\/span> (GUIDed)<br \/><strong><span class=\"VIiyi\" lang=\"de\"><span class=\"JLqJ4b ChMk0b C1N51c\" data-language-for-alternatives=\"de\" data-language-to-translate-into=\"en\" data-phrase-index=\"0\">Urheberrecht und Eigentum<\/span><\/span>:<\/strong> Das GUIDed Konsortium<br \/><strong><span class=\"VIiyi\" lang=\"de\"><span class=\"JLqJ4b ChMk0b C1N51c\" data-language-for-alternatives=\"de\" data-language-to-translate-into=\"en\" data-phrase-index=\"0\">Datenschutzerkl\u00e4rung<\/span><\/span>:<\/strong> <span class=\"VIiyi\" lang=\"de\"><span class=\"JLqJ4b ChMk0b\" data-language-for-alternatives=\"de\" data-language-to-translate-into=\"en\" data-phrase-index=\"0\"> Diese Website verwendet keine Cookies und sammelt keine pers\u00f6nlichen Informationen \u00fcber die Besucher<\/span><\/span>.<br \/><strong>Koordinatorin:<\/strong> Gesch\u00e4ftsf\u00fchrerin <a href=\"mailto:agecare@cytanet.com.cy\" target=\"_blank\" rel=\"noopener\">Marina Polycarpou<\/a>, Materia Group, Zypern<br \/><strong>Verantwortliche Webeditorin:<\/strong> Dr. <a href=\"mailto: rh@karde.no\">Riitta Hellman<\/a>, Karde AS, Norwegen, <span class=\"VIiyi\" lang=\"de\"><span class=\"JLqJ4b ChMk0b\" data-language-for-alternatives=\"de\" data-language-to-translate-into=\"en\" data-phrase-index=\"0\">im Namen des Konsortiums<\/span><\/span><\/p>","protected":false},"excerpt":{"rendered":"<p>GUIDed ist ein Forschungs- und Entwicklungsprojekt zur Entwicklung von Dienstleistungen. Dadurch wird die Verwendung vorhandener Technologiel\u00f6sungen f\u00fcr \u00e4ltere Endbenutzer relevanter und einfacher zu verwenden.Dar\u00fcber hinaus werden Trainingsl\u00f6sungen entwickelt, die Methoden der Augmented Reality (AR) und der virtuellen Realit\u00e4t verwenden. Um dies zu erreichen, f\u00fcgen wir einen digitalen Inhalt hinzu, der den Vorteil von GUIDed Smart &hellip; <a href=\"https:\/\/guided-project.eu\/de\/\" class=\"more-link\">Continue reading<span class=\"screen-reader-text\"> &#8220;Willkommen bei GUIDed!&#8221;<\/span><\/a><\/p>\n","protected":false},"author":2,"featured_media":0,"parent":0,"menu_order":0,"comment_status":"closed","ping_status":"closed","template":"","meta":{"footnotes":""},"class_list":["post-9","page","type-page","status-publish","hentry"],"translation":{"provider":"WPGlobus","version":"3.0.2","language":"de","enabled_languages":["gb","de","no","pl","el"],"languages":{"gb":{"title":true,"content":true,"excerpt":false},"de":{"title":true,"content":true,"excerpt":false},"no":{"title":true,"content":false,"excerpt":false},"pl":{"title":false,"content":false,"excerpt":false},"el":{"title":false,"content":false,"excerpt":false}}},"_links":{"self":[{"href":"https:\/\/guided-project.eu\/de\/wp-json\/wp\/v2\/pages\/9","targetHints":{"allow":["GET"]}}],"collection":[{"href":"https:\/\/guided-project.eu\/de\/wp-json\/wp\/v2\/pages"}],"about":[{"href":"https:\/\/guided-project.eu\/de\/wp-json\/wp\/v2\/types\/page"}],"author":[{"embeddable":true,"href":"https:\/\/guided-project.eu\/de\/wp-json\/wp\/v2\/users\/2"}],"replies":[{"embeddable":true,"href":"https:\/\/guided-project.eu\/de\/wp-json\/wp\/v2\/comments?post=9"}],"version-history":[{"count":0,"href":"https:\/\/guided-project.eu\/de\/wp-json\/wp\/v2\/pages\/9\/revisions"}],"wp:attachment":[{"href":"https:\/\/guided-project.eu\/de\/wp-json\/wp\/v2\/media?parent=9"}],"curies":[{"name":"wp","href":"https:\/\/api.w.org\/{rel}","templated":true}]}}